{"id":576,"date":"2024-09-15T14:42:09","date_gmt":"2024-09-15T12:42:09","guid":{"rendered":"https:\/\/finbalance.cz\/?page_id=576"},"modified":"2025-01-10T16:43:51","modified_gmt":"2025-01-10T15:43:51","slug":"blog","status":"publish","type":"page","link":"https:\/\/finbalance.cz\/uk\/blog\/","title":{"rendered":"\u0411\u043b\u043e\u0433"},"content":{"rendered":"","protected":false},"excerpt":{"rendered":"","protected":false},"author":3,"featured_media":891,"parent":0,"menu_order":0,"comment_status":"closed","ping_status":"closed","template":"page-blog.php","meta":{"_acf_changed":false,"footnotes":""},"class_list":["post-576","page","type-page","status-publish","has-post-thumbnail","hentry"],"acf":[],"yoast_head":"<!-- This site is optimized with the Yoast SEO plugin v24.1 - https:\/\/yoast.com\/wordpress\/plugins\/seo\/ -->\n<title>\u0411\u043b\u043e\u0433 - Finbalance<\/title>\n<meta name=\"robots\" content=\"index, follow, max-snippet:-1, max-image-preview:large, max-video-preview:-1\" \/>\n<link rel=\"canonical\" href=\"https:\/\/finbalance.cz\/uk\/blog\/\" \/>\n<meta property=\"og:locale\" content=\"uk_UA\" \/>\n<meta property=\"og:type\" content=\"article\" \/>\n<meta property=\"og:title\" content=\"\u0411\u043b\u043e\u0433 - Finbalance\" \/>\n<meta property=\"og:url\" content=\"https:\/\/finbalance.cz\/uk\/blog\/\" \/>\n<meta property=\"og:site_name\" content=\"Finbalance\" \/>\n<meta property=\"article:modified_time\" content=\"2025-01-10T15:43:51+00:00\" \/>\n<meta property=\"og:image\" content=\"https:\/\/finbalance.cz\/wp-content\/uploads\/2025\/01\/blog-image.jpg\" \/>\n\t<meta property=\"og:image:width\" content=\"1900\" \/>\n\t<meta property=\"og:image:height\" content=\"633\" \/>\n\t<meta property=\"og:image:type\" content=\"image\/jpeg\" \/>\n<meta name=\"twitter:card\" content=\"summary_large_image\" \/>\n<meta name=\"twitter:label1\" content=\"Est. reading time\" \/>\n\t<meta name=\"twitter:data1\" content=\"1 \u0445\u0432\u0438\u043b\u0438\u043d\u0430\" \/>\n<script type=\"application\/ld+json\" class=\"yoast-schema-graph\">{\"@context\":\"https:\/\/schema.org\",\"@graph\":[{\"@type\":\"WebPage\",\"@id\":\"https:\/\/finbalance.cz\/uk\/blog\/\",\"url\":\"https:\/\/finbalance.cz\/uk\/blog\/\",\"name\":\"\u0411\u043b\u043e\u0433 - Finbalance\",\"isPartOf\":{\"@id\":\"https:\/\/finbalance.cz\/uk\/#website\"},\"primaryImageOfPage\":{\"@id\":\"https:\/\/finbalance.cz\/uk\/blog\/#primaryimage\"},\"image\":{\"@id\":\"https:\/\/finbalance.cz\/uk\/blog\/#primaryimage\"},\"thumbnailUrl\":\"https:\/\/finbalance.cz\/wp-content\/uploads\/2025\/01\/blog-image.jpg\",\"datePublished\":\"2024-09-15T12:42:09+00:00\",\"dateModified\":\"2025-01-10T15:43:51+00:00\",\"breadcrumb\":{\"@id\":\"https:\/\/finbalance.cz\/uk\/blog\/#breadcrumb\"},\"inLanguage\":\"uk\",\"potentialAction\":[{\"@type\":\"ReadAction\",\"target\":[\"https:\/\/finbalance.cz\/uk\/blog\/\"]}]},{\"@type\":\"ImageObject\",\"inLanguage\":\"uk\",\"@id\":\"https:\/\/finbalance.cz\/uk\/blog\/#primaryimage\",\"url\":\"https:\/\/finbalance.cz\/wp-content\/uploads\/2025\/01\/blog-image.jpg\",\"contentUrl\":\"https:\/\/finbalance.cz\/wp-content\/uploads\/2025\/01\/blog-image.jpg\",\"width\":1900,\"height\":633,\"caption\":\"\u0424\u043e\u043d\u043e\u0432\u0435 \u0437\u043e\u0431\u0440\u0430\u0436\u0435\u043d\u043d\u044f \u0441\u0442\u043e\u0440\u0456\u043d\u043a\u0438 \u0431\u043b\u043e\u0433\u0443\"},{\"@type\":\"BreadcrumbList\",\"@id\":\"https:\/\/finbalance.cz\/uk\/blog\/#breadcrumb\",\"itemListElement\":[{\"@type\":\"ListItem\",\"position\":1,\"name\":\"Home\",\"item\":\"https:\/\/finbalance.cz\/uk\/\"},{\"@type\":\"ListItem\",\"position\":2,\"name\":\"\u0411\u043b\u043e\u0433\"}]},{\"@type\":\"WebSite\",\"@id\":\"https:\/\/finbalance.cz\/uk\/#website\",\"url\":\"https:\/\/finbalance.cz\/uk\/\",\"name\":\"FINBalance\",\"description\":\"Virtu\u00e1ln\u00ed S\u00eddlo pro Firmy, Spole\u010dnosti Praha\",\"potentialAction\":[{\"@type\":\"SearchAction\",\"target\":{\"@type\":\"EntryPoint\",\"urlTemplate\":\"https:\/\/finbalance.cz\/uk\/?s={search_term_string}\"},\"query-input\":{\"@type\":\"PropertyValueSpecification\",\"valueRequired\":true,\"valueName\":\"search_term_string\"}}],\"inLanguage\":\"uk\"}]}<\/script>\n<!-- \/ Yoast SEO plugin. -->","yoast_head_json":{"title":"\u0411\u043b\u043e\u0433 - Finbalance","robots":{"index":"index","follow":"follow","max-snippet":"max-snippet:-1","max-image-preview":"max-image-preview:large","max-video-preview":"max-video-preview:-1"},"canonical":"https:\/\/finbalance.cz\/uk\/blog\/","og_locale":"uk_UA","og_type":"article","og_title":"\u0411\u043b\u043e\u0433 - Finbalance","og_url":"https:\/\/finbalance.cz\/uk\/blog\/","og_site_name":"Finbalance","article_modified_time":"2025-01-10T15:43:51+00:00","og_image":[{"width":1900,"height":633,"url":"https:\/\/finbalance.cz\/wp-content\/uploads\/2025\/01\/blog-image.jpg","type":"image\/jpeg"}],"twitter_card":"summary_large_image","twitter_misc":{"Est. reading time":"1 \u0445\u0432\u0438\u043b\u0438\u043d\u0430"},"schema":{"@context":"https:\/\/schema.org","@graph":[{"@type":"WebPage","@id":"https:\/\/finbalance.cz\/uk\/blog\/","url":"https:\/\/finbalance.cz\/uk\/blog\/","name":"\u0411\u043b\u043e\u0433 - Finbalance","isPartOf":{"@id":"https:\/\/finbalance.cz\/uk\/#website"},"primaryImageOfPage":{"@id":"https:\/\/finbalance.cz\/uk\/blog\/#primaryimage"},"image":{"@id":"https:\/\/finbalance.cz\/uk\/blog\/#primaryimage"},"thumbnailUrl":"https:\/\/finbalance.cz\/wp-content\/uploads\/2025\/01\/blog-image.jpg","datePublished":"2024-09-15T12:42:09+00:00","dateModified":"2025-01-10T15:43:51+00:00","breadcrumb":{"@id":"https:\/\/finbalance.cz\/uk\/blog\/#breadcrumb"},"inLanguage":"uk","potentialAction":[{"@type":"ReadAction","target":["https:\/\/finbalance.cz\/uk\/blog\/"]}]},{"@type":"ImageObject","inLanguage":"uk","@id":"https:\/\/finbalance.cz\/uk\/blog\/#primaryimage","url":"https:\/\/finbalance.cz\/wp-content\/uploads\/2025\/01\/blog-image.jpg","contentUrl":"https:\/\/finbalance.cz\/wp-content\/uploads\/2025\/01\/blog-image.jpg","width":1900,"height":633,"caption":"\u0424\u043e\u043d\u043e\u0432\u0435 \u0437\u043e\u0431\u0440\u0430\u0436\u0435\u043d\u043d\u044f \u0441\u0442\u043e\u0440\u0456\u043d\u043a\u0438 \u0431\u043b\u043e\u0433\u0443"},{"@type":"BreadcrumbList","@id":"https:\/\/finbalance.cz\/uk\/blog\/#breadcrumb","itemListElement":[{"@type":"ListItem","position":1,"name":"Home","item":"https:\/\/finbalance.cz\/uk\/"},{"@type":"ListItem","position":2,"name":"\u0411\u043b\u043e\u0433"}]},{"@type":"WebSite","@id":"https:\/\/finbalance.cz\/uk\/#website","url":"https:\/\/finbalance.cz\/uk\/","name":"FINBalance","description":"Virtu\u00e1ln\u00ed S\u00eddlo pro Firmy, Spole\u010dnosti Praha","potentialAction":[{"@type":"SearchAction","target":{"@type":"EntryPoint","urlTemplate":"https:\/\/finbalance.cz\/uk\/?s={search_term_string}"},"query-input":{"@type":"PropertyValueSpecification","valueRequired":true,"valueName":"search_term_string"}}],"inLanguage":"uk"}]}},"_links":{"self":[{"href":"https:\/\/finbalance.cz\/uk\/wp-json\/wp\/v2\/pages\/576"}],"collection":[{"href":"https:\/\/finbalance.cz\/uk\/wp-json\/wp\/v2\/pages"}],"about":[{"href":"https:\/\/finbalance.cz\/uk\/wp-json\/wp\/v2\/types\/page"}],"author":[{"embeddable":true,"href":"https:\/\/finbalance.cz\/uk\/wp-json\/wp\/v2\/users\/3"}],"replies":[{"embeddable":true,"href":"https:\/\/finbalance.cz\/uk\/wp-json\/wp\/v2\/comments?post=576"}],"version-history":[{"count":1,"href":"https:\/\/finbalance.cz\/uk\/wp-json\/wp\/v2\/pages\/576\/revisions"}],"predecessor-version":[{"id":577,"href":"https:\/\/finbalance.cz\/uk\/wp-json\/wp\/v2\/pages\/576\/revisions\/577"}],"wp:featuredmedia":[{"embeddable":true,"href":"https:\/\/finbalance.cz\/uk\/wp-json\/wp\/v2\/media\/891"}],"wp:attachment":[{"href":"https:\/\/finbalance.cz\/uk\/wp-json\/wp\/v2\/media?parent=576"}],"curies":[{"name":"wp","href":"https:\/\/api.w.org\/{rel}","templated":true}]}}