{"id":171,"date":"2021-11-14T22:44:00","date_gmt":"2021-11-14T21:44:00","guid":{"rendered":"https:\/\/finbalance.cz\/%d0%ba%d0%be%d0%bd%d1%82%d0%b0%d0%ba%d1%82%d0%b8\/"},"modified":"2024-12-20T11:55:37","modified_gmt":"2024-12-20T10:55:37","slug":"kontakt","status":"publish","type":"page","link":"https:\/\/finbalance.cz\/uk\/kontakt\/","title":{"rendered":"\u041a\u043e\u043d\u0442\u0430\u043a\u0442\u0438"},"content":{"rendered":"<div class=\"gb-grid-wrapper gb-grid-wrapper-29bbf0f8 mt-4\">\n<div class=\"gb-grid-column gb-grid-column-b2dcf1ec\"><div class=\"gb-container gb-container-b2dcf1ec\">\n\n<p class=\"gb-headline gb-headline-9af073be gb-headline-text\"><strong>FINbalance spol., s.r.o<\/strong><\/p>\n\n\n\n<p>\u0160pit\u00e1lsk\u00e1 885\/2a,<br>190 00 \u041f\u0440\u0430\u0433\u0430 9, <br>\u0427\u0435\u0445\u0456\u044f<br>I\u010c: 098 85 510<br>DI\u010c: CZ09885510<\/p>\n\n<\/div><\/div>\n\n<div class=\"gb-grid-column gb-grid-column-b74c315f\"><div class=\"gb-container gb-container-b74c315f\">\n\n<p class=\"gb-headline gb-headline-39bce280 gb-headline-text\"><strong>\u041a\u043e\u043d\u0442\u0430\u043a\u0442\u0438<\/strong><\/p>\n\n\n\n<ul class=\"wp-block-list\">\n<li>\u0422\u0435\u043b\u0435\u0444\u043e\u043d:<a href=\"tel:+420 739 016 363\">&nbsp;+420 739 016 363<\/a><\/li>\n\n\n\n<li>WhatsApp: <a href=\"https:\/\/wa.me\/420739016363\">\u00a0+420 739 016 363<\/a><\/li>\n\n\n\n<li>Email: <a title=\"\" href=\"mailto:info@finbalance.cz\">info@finbalance.cz<\/a><\/li>\n\n\n\n<li>\u0421\u043e\u0446. \u043c\u0435\u0440\u0435\u0436\u0456: <a href=\"https:\/\/www.facebook.com\/finbalancecz\">Facebook<\/a>,&nbsp;<a href=\"https:\/\/www.instagram.com\/finbalance.cz\/\">Instagram<\/a>,&nbsp;<a href=\"https:\/\/www.linkedin.com\/company\/finbalance\/\">LinkedIn<\/a><\/li>\n<\/ul>\n\n<\/div><\/div>\n\n<div class=\"gb-grid-column gb-grid-column-64db3404\"><div class=\"gb-container gb-container-64db3404\">\n\n<p class=\"gb-headline gb-headline-546f1325 gb-headline-text\"><strong>\u0413\u043e\u0434\u0438\u043d\u0438 \u0440\u043e\u0431\u043e\u0442\u0438<\/strong><\/p>\n\n\n\n<p>\u041f\u043d-\u041f\u0442: 9.00 &#8211; 17.00<br><strong>\u041c\u0438 \u043f\u0440\u0430\u0446\u044e\u0454\u043c\u043e \u0456 \u043e\u043d\u043b\u0430\u0439\u043d!<\/strong> \u0412\u0438<a href=\"#kontakt\"> \u043c\u043e\u0436\u0435\u0442\u0435 \u043d\u0430\u043f\u0438\u0441\u0430\u0442\u0438 \u043d\u0430\u043c<\/a> \u0443 \u0431\u0443\u0434\u044c-\u044f\u043a\u0438\u0439 \u0447\u0430\u0441, \u0456 \u043c\u0438 \u043f\u043e\u0441\u0442\u0430\u0440\u0430\u0454\u043c\u043e\u0441\u044f \u0432\u0438\u0440\u0456\u0448\u0438\u0442\u0438 \u0432\u0441\u0456 \u043f\u0438\u0442\u0430\u043d\u043d\u044f \u044f\u043a\u043e\u043c\u043e\u0433\u0430 \u0448\u0432\u0438\u0434\u0448\u0435.<\/p>\n\n<\/div><\/div>\n<\/div>\n\n\t\t<div id=\"wpmapblock_c2e61b47\" data-settings='{&quot;map_marker&quot;:[{&quot;id&quot;:&quot;0&quot;,&quot;lat&quot;:&quot;50.109049939718&quot;,&quot;lng&quot;:&quot;14.50354466604&quot;,&quot;title&quot;:&quot;Finbalance&quot;,&quot;content&quot;:&quot;Finbalance&quot;,&quot;iconType&quot;:&quot;default&quot;,&quot;customIconUrl&quot;:&quot;&quot;,&quot;customIconWidth&quot;:&quot;25&quot;,&quot;customIconHeight&quot;:&quot;40&quot;}],&quot;map_zoom&quot;:&quot;17&quot;,&quot;scroll_wheel_zoom&quot;:false,&quot;map_type&quot;:&quot;GM&quot;,&quot;center_index&quot;:0}' class=\"wpmapblockrender\" style=\"\n\t\t\twidth: 100%;\n\t\t\theight: 400px;\n\t\t\"><\/div>\n        ","protected":false},"excerpt":{"rendered":"","protected":false},"author":1,"featured_media":687,"parent":0,"menu_order":0,"comment_status":"closed","ping_status":"closed","template":"custom-page.php","meta":{"_acf_changed":false,"footnotes":""},"class_list":["post-171","page","type-page","status-publish","has-post-thumbnail","hentry"],"acf":[],"yoast_head":"<!-- This site is optimized with the Yoast SEO plugin v24.1 - https:\/\/yoast.com\/wordpress\/plugins\/seo\/ -->\n<title>\u041a\u043e\u043d\u0442\u0430\u043a\u0442\u0438 - Finbalance<\/title>\n<meta name=\"robots\" content=\"index, follow, max-snippet:-1, max-image-preview:large, max-video-preview:-1\" \/>\n<link rel=\"canonical\" href=\"https:\/\/finbalance.cz\/uk\/kontakt\/\" \/>\n<meta property=\"og:locale\" content=\"uk_UA\" \/>\n<meta property=\"og:type\" content=\"article\" \/>\n<meta property=\"og:title\" content=\"\u041a\u043e\u043d\u0442\u0430\u043a\u0442\u0438 - Finbalance\" \/>\n<meta property=\"og:url\" content=\"https:\/\/finbalance.cz\/uk\/kontakt\/\" \/>\n<meta property=\"og:site_name\" content=\"Finbalance\" \/>\n<meta property=\"article:modified_time\" content=\"2024-12-20T10:55:37+00:00\" \/>\n<meta property=\"og:image\" content=\"https:\/\/finbalance.cz\/wp-content\/uploads\/2024\/10\/kontakt.jpg\" \/>\n\t<meta property=\"og:image:width\" content=\"2560\" \/>\n\t<meta property=\"og:image:height\" content=\"640\" \/>\n\t<meta property=\"og:image:type\" content=\"image\/jpeg\" \/>\n<meta name=\"twitter:card\" content=\"summary_large_image\" \/>\n<meta name=\"twitter:label1\" content=\"Est. reading time\" \/>\n\t<meta name=\"twitter:data1\" content=\"1 \u0445\u0432\u0438\u043b\u0438\u043d\u0430\" \/>\n<script type=\"application\/ld+json\" class=\"yoast-schema-graph\">{\"@context\":\"https:\/\/schema.org\",\"@graph\":[{\"@type\":\"WebPage\",\"@id\":\"https:\/\/finbalance.cz\/uk\/kontakt\/\",\"url\":\"https:\/\/finbalance.cz\/uk\/kontakt\/\",\"name\":\"\u041a\u043e\u043d\u0442\u0430\u043a\u0442\u0438 - Finbalance\",\"isPartOf\":{\"@id\":\"https:\/\/finbalance.cz\/uk\/#website\"},\"primaryImageOfPage\":{\"@id\":\"https:\/\/finbalance.cz\/uk\/kontakt\/#primaryimage\"},\"image\":{\"@id\":\"https:\/\/finbalance.cz\/uk\/kontakt\/#primaryimage\"},\"thumbnailUrl\":\"https:\/\/finbalance.cz\/wp-content\/uploads\/2024\/10\/kontakt.jpg\",\"datePublished\":\"2021-11-14T21:44:00+00:00\",\"dateModified\":\"2024-12-20T10:55:37+00:00\",\"breadcrumb\":{\"@id\":\"https:\/\/finbalance.cz\/uk\/kontakt\/#breadcrumb\"},\"inLanguage\":\"uk\",\"potentialAction\":[{\"@type\":\"ReadAction\",\"target\":[\"https:\/\/finbalance.cz\/uk\/kontakt\/\"]}]},{\"@type\":\"ImageObject\",\"inLanguage\":\"uk\",\"@id\":\"https:\/\/finbalance.cz\/uk\/kontakt\/#primaryimage\",\"url\":\"https:\/\/finbalance.cz\/wp-content\/uploads\/2024\/10\/kontakt.jpg\",\"contentUrl\":\"https:\/\/finbalance.cz\/wp-content\/uploads\/2024\/10\/kontakt.jpg\",\"width\":2560,\"height\":640,\"caption\":\"Kontakt\"},{\"@type\":\"BreadcrumbList\",\"@id\":\"https:\/\/finbalance.cz\/uk\/kontakt\/#breadcrumb\",\"itemListElement\":[{\"@type\":\"ListItem\",\"position\":1,\"name\":\"Home\",\"item\":\"https:\/\/finbalance.cz\/uk\/\"},{\"@type\":\"ListItem\",\"position\":2,\"name\":\"\u041a\u043e\u043d\u0442\u0430\u043a\u0442\u0438\"}]},{\"@type\":\"WebSite\",\"@id\":\"https:\/\/finbalance.cz\/uk\/#website\",\"url\":\"https:\/\/finbalance.cz\/uk\/\",\"name\":\"FINBalance\",\"description\":\"Virtu\u00e1ln\u00ed S\u00eddlo pro Firmy, Spole\u010dnosti Praha\",\"potentialAction\":[{\"@type\":\"SearchAction\",\"target\":{\"@type\":\"EntryPoint\",\"urlTemplate\":\"https:\/\/finbalance.cz\/uk\/?s={search_term_string}\"},\"query-input\":{\"@type\":\"PropertyValueSpecification\",\"valueRequired\":true,\"valueName\":\"search_term_string\"}}],\"inLanguage\":\"uk\"}]}<\/script>\n<!-- \/ Yoast SEO plugin. -->","yoast_head_json":{"title":"\u041a\u043e\u043d\u0442\u0430\u043a\u0442\u0438 - Finbalance","robots":{"index":"index","follow":"follow","max-snippet":"max-snippet:-1","max-image-preview":"max-image-preview:large","max-video-preview":"max-video-preview:-1"},"canonical":"https:\/\/finbalance.cz\/uk\/kontakt\/","og_locale":"uk_UA","og_type":"article","og_title":"\u041a\u043e\u043d\u0442\u0430\u043a\u0442\u0438 - Finbalance","og_url":"https:\/\/finbalance.cz\/uk\/kontakt\/","og_site_name":"Finbalance","article_modified_time":"2024-12-20T10:55:37+00:00","og_image":[{"width":2560,"height":640,"url":"https:\/\/finbalance.cz\/wp-content\/uploads\/2024\/10\/kontakt.jpg","type":"image\/jpeg"}],"twitter_card":"summary_large_image","twitter_misc":{"Est. reading time":"1 \u0445\u0432\u0438\u043b\u0438\u043d\u0430"},"schema":{"@context":"https:\/\/schema.org","@graph":[{"@type":"WebPage","@id":"https:\/\/finbalance.cz\/uk\/kontakt\/","url":"https:\/\/finbalance.cz\/uk\/kontakt\/","name":"\u041a\u043e\u043d\u0442\u0430\u043a\u0442\u0438 - Finbalance","isPartOf":{"@id":"https:\/\/finbalance.cz\/uk\/#website"},"primaryImageOfPage":{"@id":"https:\/\/finbalance.cz\/uk\/kontakt\/#primaryimage"},"image":{"@id":"https:\/\/finbalance.cz\/uk\/kontakt\/#primaryimage"},"thumbnailUrl":"https:\/\/finbalance.cz\/wp-content\/uploads\/2024\/10\/kontakt.jpg","datePublished":"2021-11-14T21:44:00+00:00","dateModified":"2024-12-20T10:55:37+00:00","breadcrumb":{"@id":"https:\/\/finbalance.cz\/uk\/kontakt\/#breadcrumb"},"inLanguage":"uk","potentialAction":[{"@type":"ReadAction","target":["https:\/\/finbalance.cz\/uk\/kontakt\/"]}]},{"@type":"ImageObject","inLanguage":"uk","@id":"https:\/\/finbalance.cz\/uk\/kontakt\/#primaryimage","url":"https:\/\/finbalance.cz\/wp-content\/uploads\/2024\/10\/kontakt.jpg","contentUrl":"https:\/\/finbalance.cz\/wp-content\/uploads\/2024\/10\/kontakt.jpg","width":2560,"height":640,"caption":"Kontakt"},{"@type":"BreadcrumbList","@id":"https:\/\/finbalance.cz\/uk\/kontakt\/#breadcrumb","itemListElement":[{"@type":"ListItem","position":1,"name":"Home","item":"https:\/\/finbalance.cz\/uk\/"},{"@type":"ListItem","position":2,"name":"\u041a\u043e\u043d\u0442\u0430\u043a\u0442\u0438"}]},{"@type":"WebSite","@id":"https:\/\/finbalance.cz\/uk\/#website","url":"https:\/\/finbalance.cz\/uk\/","name":"FINBalance","description":"Virtu\u00e1ln\u00ed S\u00eddlo pro Firmy, Spole\u010dnosti Praha","potentialAction":[{"@type":"SearchAction","target":{"@type":"EntryPoint","urlTemplate":"https:\/\/finbalance.cz\/uk\/?s={search_term_string}"},"query-input":{"@type":"PropertyValueSpecification","valueRequired":true,"valueName":"search_term_string"}}],"inLanguage":"uk"}]}},"_links":{"self":[{"href":"https:\/\/finbalance.cz\/uk\/wp-json\/wp\/v2\/pages\/171"}],"collection":[{"href":"https:\/\/finbalance.cz\/uk\/wp-json\/wp\/v2\/pages"}],"about":[{"href":"https:\/\/finbalance.cz\/uk\/wp-json\/wp\/v2\/types\/page"}],"author":[{"embeddable":true,"href":"https:\/\/finbalance.cz\/uk\/wp-json\/wp\/v2\/users\/1"}],"replies":[{"embeddable":true,"href":"https:\/\/finbalance.cz\/uk\/wp-json\/wp\/v2\/comments?post=171"}],"version-history":[{"count":20,"href":"https:\/\/finbalance.cz\/uk\/wp-json\/wp\/v2\/pages\/171\/revisions"}],"predecessor-version":[{"id":812,"href":"https:\/\/finbalance.cz\/uk\/wp-json\/wp\/v2\/pages\/171\/revisions\/812"}],"wp:featuredmedia":[{"embeddable":true,"href":"https:\/\/finbalance.cz\/uk\/wp-json\/wp\/v2\/media\/687"}],"wp:attachment":[{"href":"https:\/\/finbalance.cz\/uk\/wp-json\/wp\/v2\/media?parent=171"}],"curies":[{"name":"wp","href":"https:\/\/api.w.org\/{rel}","templated":true}]}}